{"id":721,"date":"2019-12-14T18:33:57","date_gmt":"2019-12-14T18:33:57","guid":{"rendered":"http:\/\/hildegard-jaekel.de\/?page_id=721"},"modified":"2019-12-14T18:33:57","modified_gmt":"2019-12-14T18:33:57","slug":"dr-gertrude-betz-ueber-erdbilder","status":"publish","type":"page","link":"https:\/\/hildegard-jaekel.de\/?page_id=721","title":{"rendered":"Dr. Gertrude Betz: \u00dcber Erdbilder"},"content":{"rendered":"\n<p>Die\nBilder von Hildegard Jaekel im Format 120 mal 120 cm umkreisen und bearbeiten\nfundamentale Gesetzm\u00e4\u00dfigkeiten der Bildkomposition und Wahrnehmung. Die Linie,\ndie Fl\u00e4che, ein Winkel; Oberfl\u00e4che, Untergrund; vorne, hinten, geschichtet,\nverschoben.<\/p>\n\n\n\n<p>Ein\nbegrenztes, konsequent erforschtes formales Repertoire, ruhig und\nminimalistisch variiert.<\/p>\n\n\n\n<p>Dem\nBetrachter aber fallen die Farben, die warmen, sanften und stillen T\u00f6ne als\nerstes ins Auge. Eine fast meditative Ruhe, eine stumme Konzentration geht von\nden Bildern aus. Und dabei, in die Fl\u00e4chen und Schichten eindringend, erschafft\nsich das Auge und die je unterschiedliche Sehgewohnheit R\u00e4ume, entdeckt, wie\naus geschichteten Fl\u00e4chen Vordergrund und Tiefe wird. Verschlossen, r\u00e4tselhaft,\neinladend muten sie an, im tiefsten Untergrund unerreichbar.<\/p>\n\n\n\n<p>Die\nErden, Steinmehle, Asche, Staub aus denen Hildegard Jaekel ihre Malfarben\ngewinnt, die unterschiedliche Konsistenz und Dichte ergeben, erinnern an die\narte povera, deren Ausdrucksst\u00e4rke den einfachen, den &#8222;armen&#8220; Materialien\nzu verdanken war. Ihr Farbspektrum gewinnt sie nicht aus den inzwischen auf\nErdpigmente erweiterten Angeboten des K\u00fcnstlerbedarfs. Ihr Material ist Erde,\nStaub, Asche aus ihrer Stadt Kassel, auf Reisen aufgehoben, von anderen aus der\nWelt mitgebracht.<\/p>\n\n\n\n<p>F\u00fcr\ndie hier ausgew\u00e4hlten Bilder sind es Orte in Italien, Kuba, S\u00fcdfrankreich,\nMarokko &#8211; und eben Kassel. Neben den Erden Holzasche und Marmorstaub.<\/p>\n\n\n\n<p>Dass\ndiese Erden als Rohmaterial vor den Bildern stehen und als Materialinstallation\ndie Verbindung von konkret Nat\u00fcrlichen zu verarbeiteten Farbe in einer\nBildkomposition mitvollziehbar machen, erh\u00f6ht die Faszination und die\n\u00dcberzeugungskraft dieser Arbeiten, die nichts abbilden, sondern dem Konzept des\nMalens als suchendes Eindringen in Fl\u00e4che und Raum folgen und es erlebbar\nmachen.<\/p>\n\n\n\n<p>Dr. Gertrude Betz<\/p>\n","protected":false},"excerpt":{"rendered":"<p>Die Bilder von Hildegard Jaekel im Format 120 mal 120 cm umkreisen und bearbeiten fundamentale Gesetzm\u00e4\u00dfigkeiten der Bildkomposition und Wahrnehmung. Die Linie, die Fl\u00e4che, ein Winkel; Oberfl\u00e4che, Untergrund; vorne, hinten, geschichtet, verschoben. Ein begrenztes, konsequent erforschtes formales Repertoire, ruhig und minimalistisch variiert. Dem Betrachter aber fallen die Farben, die warmen, sanften und stillen T\u00f6ne als &hellip; <\/p>\n<p class=\"link-more\"><a href=\"https:\/\/hildegard-jaekel.de\/?page_id=721\" class=\"more-link\"><span class=\"screen-reader-text\">\u201eDr. Gertrude Betz: \u00dcber Erdbilder\u201c <\/span>weiterlesen<\/a><\/p>\n","protected":false},"author":2,"featured_media":0,"parent":0,"menu_order":0,"comment_status":"closed","ping_status":"closed","template":"","meta":{"footnotes":""},"class_list":["post-721","page","type-page","status-publish","hentry"],"_links":{"self":[{"href":"https:\/\/hildegard-jaekel.de\/index.php?rest_route=\/wp\/v2\/pages\/721","targetHints":{"allow":["GET"]}}],"collection":[{"href":"https:\/\/hildegard-jaekel.de\/index.php?rest_route=\/wp\/v2\/pages"}],"about":[{"href":"https:\/\/hildegard-jaekel.de\/index.php?rest_route=\/wp\/v2\/types\/page"}],"author":[{"embeddable":true,"href":"https:\/\/hildegard-jaekel.de\/index.php?rest_route=\/wp\/v2\/users\/2"}],"replies":[{"embeddable":true,"href":"https:\/\/hildegard-jaekel.de\/index.php?rest_route=%2Fwp%2Fv2%2Fcomments&post=721"}],"version-history":[{"count":1,"href":"https:\/\/hildegard-jaekel.de\/index.php?rest_route=\/wp\/v2\/pages\/721\/revisions"}],"predecessor-version":[{"id":722,"href":"https:\/\/hildegard-jaekel.de\/index.php?rest_route=\/wp\/v2\/pages\/721\/revisions\/722"}],"wp:attachment":[{"href":"https:\/\/hildegard-jaekel.de\/index.php?rest_route=%2Fwp%2Fv2%2Fmedia&parent=721"}],"curies":[{"name":"wp","href":"https:\/\/api.w.org\/{rel}","templated":true}]}}