{"id":571,"date":"2019-12-05T19:49:42","date_gmt":"2019-12-05T19:49:42","guid":{"rendered":"http:\/\/hildegard-jaekel.de\/?page_id=571"},"modified":"2025-12-27T10:32:07","modified_gmt":"2025-12-27T10:32:07","slug":"termine","status":"publish","type":"page","link":"https:\/\/hildegard-jaekel.de\/?page_id=571","title":{"rendered":"Termine"},"content":{"rendered":"\n<p>Ausstellung   &#8222;nat\u00fcrlich&#8220;<\/p>\n\n\n\n<p>28.3.2026 &#8211; 19.4.2026<\/p>\n\n\n\n<p>Kulturbahnhof S\u00fcdfl\u00fcgel Kassel<\/p>\n\n\n\n<h2 class=\"wp-block-heading\">Atelier in Kassel<\/h2>\n\n\n\n<p>Besuchen Sie mich in meinem Atelier nach telefonischer Anmeldung. Im angeschlossenen Ausstellungsraum zeige ich einen Querschnitt meiner Arbeiten. (Tel. 0561 &#8211; 283501)<\/p>\n\n\n\n<p><\/p>\n\n\n\n<p><\/p>\n\n\n\n<p><\/p>\n\n\n\n<p><\/p>\n\n\n\n<p><\/p>\n\n\n\n<p><\/p>\n\n\n\n<p><\/p>\n\n\n\n<p><\/p>\n\n\n\n<p><\/p>\n\n\n\n<p><\/p>\n\n\n\n\n","protected":false},"excerpt":{"rendered":"<p>Ausstellung &#8222;nat\u00fcrlich&#8220; 28.3.2026 &#8211; 19.4.2026 Kulturbahnhof S\u00fcdfl\u00fcgel Kassel Atelier in Kassel Besuchen Sie mich in meinem Atelier nach telefonischer Anmeldung. Im angeschlossenen Ausstellungsraum zeige ich einen Querschnitt meiner Arbeiten. (Tel. 0561 &#8211; 283501)<\/p>\n","protected":false},"author":2,"featured_media":0,"parent":0,"menu_order":0,"comment_status":"closed","ping_status":"closed","template":"","meta":{"footnotes":""},"class_list":["post-571","page","type-page","status-publish","hentry"],"_links":{"self":[{"href":"https:\/\/hildegard-jaekel.de\/index.php?rest_route=\/wp\/v2\/pages\/571","targetHints":{"allow":["GET"]}}],"collection":[{"href":"https:\/\/hildegard-jaekel.de\/index.php?rest_route=\/wp\/v2\/pages"}],"about":[{"href":"https:\/\/hildegard-jaekel.de\/index.php?rest_route=\/wp\/v2\/types\/page"}],"author":[{"embeddable":true,"href":"https:\/\/hildegard-jaekel.de\/index.php?rest_route=\/wp\/v2\/users\/2"}],"replies":[{"embeddable":true,"href":"https:\/\/hildegard-jaekel.de\/index.php?rest_route=%2Fwp%2Fv2%2Fcomments&post=571"}],"version-history":[{"count":32,"href":"https:\/\/hildegard-jaekel.de\/index.php?rest_route=\/wp\/v2\/pages\/571\/revisions"}],"predecessor-version":[{"id":1032,"href":"https:\/\/hildegard-jaekel.de\/index.php?rest_route=\/wp\/v2\/pages\/571\/revisions\/1032"}],"wp:attachment":[{"href":"https:\/\/hildegard-jaekel.de\/index.php?rest_route=%2Fwp%2Fv2%2Fmedia&parent=571"}],"curies":[{"name":"wp","href":"https:\/\/api.w.org\/{rel}","templated":true}]}}