{"id":685,"date":"2019-12-14T16:54:21","date_gmt":"2019-12-14T16:54:21","guid":{"rendered":"http:\/\/hildegard-jaekel.de\/?page_id=685"},"modified":"2019-12-14T16:54:21","modified_gmt":"2019-12-14T16:54:21","slug":"dr-marianne-heinz-hildegard-jaekels-phantastisches-kabinett","status":"publish","type":"page","link":"http:\/\/hildegard-jaekel.de\/?page_id=685","title":{"rendered":"Dr. Marianne Heinz: Hildegard Jaekels phantastisches Kabinett"},"content":{"rendered":"\n<p>Hildegard\nJaekels phantastisches Kabinett<\/p>\n\n\n\n<p>Man\nmag sie spielerisch nennen, oder von Zufall gepr\u00e4gt &#8211; die vielgestaltigen\nObjekte von Hildegard Jaekel besitzen weder alle einen gemeinsamen Ursprung,\nnoch einen gemeinsamen Grundgedanken, sondern jedes einzelne Objekt erz\u00e4hlt\nseine ureigenste Geschichte. Und zusammengenommen bilden sie ein vielstimmiges\nOrchesterst\u00fcck, in dem sich jedes Instrument zu behaupten wei\u00df, wobei manchmal\nklangvolle Harmonie vorherrscht, hin und wieder aber auch lustvoll schrille\nDissonanz.<\/p>\n\n\n\n<p>Meist\nhandelt es sich bei den Objekten um Fundst\u00fccke oder Fragmente, gelegentlich\nauch um ready-mades, um Gegenst\u00e4nde aus den unterschiedlichsten Materialien,\ndie sich mit anderen Dingen paaren oder eben nicht paaren, sondern sich\nvielmehr jeder Logik bewusst widersetzen und auf Konfrontation aus sind.<\/p>\n\n\n\n<p>In\nder F\u00fclle der meist kleinformatigen, auf schlichtem Podest pr\u00e4sentierten\nObjekte sind zwei Grundhaltungen erkennbar. Entweder lebt das Objekt aus der\nh\u00e4ufig verbl\u00fcffend komischen, schr\u00e4gen Materialzusammenstellung, aus der sich\ndann fast wie von selbst ein Titel zusammenbraut. Bei anderen Objekten ist der\nTitel gleichsam als Motto vorgegeben. Dabei sch\u00f6pft Hildegard Jaekel aus ihren\numfangreichen literarischen Vorlieben und ebenso aus ihren ikonographischen\nKenntnissen. Entsprechend eingestimmt, treffen Gedanken, Stimmungen, Sinn, Spa\u00df\nund Materialvielfalt auf geheimnisvolle Weise aufeinander.<\/p>\n\n\n\n<p>Auf\nzwei Objekte sei hier stellvertretend n\u00e4her eingegangen: &#8222;Freiheit&#8220;\nund &#8222;Susanna im Bade&#8220;.<\/p>\n\n\n\n<p>Der\nTitel &#8222;Freiheit&#8220; geh\u00f6rt zu einem kleinformatigen, querrechteckigen\n&#8222;Zwillings&#8220; &#8211; Vogelk\u00e4fig, bekr\u00f6nt von zwei jeweils gleich gro\u00dfen\nluftigen Kuppeln. Die Verdoppelung ist schon merkw\u00fcrdig genug. Doch offenbar\nbot sich das seltsame Mobiliar zu einem zynisch &#8211; schmunzelnden Kommentar an.\nSo stopfte Hildegard Jaekel das ganze Ding einfach mit Holzwolle voll. Der\nPlatz im K\u00e4fig ist besetzt, seine eigentliche Funktion ist hinf\u00e4llig,\neigentlich hat er ausgedient, denn die urspr\u00fcnglichen Bewohner, die Gefangenen,\nsind inzwischen entflohen und l\u00e4ngst in Freiheit. Zur\u00fcck bleibt dekorativ\nwirkungsvolles Leergut und sicher auch die Genugtuung der guten Tat.&nbsp; <\/p>\n\n\n\n<p>Das\nObjekt &#8222;Susanna im Bade&#8220; verzichtet auf das Personal, das eigentlich\nzu dieser Geschichte geh\u00f6rt. Ebenso ist von der bekannten so ausgepr\u00e4gten\nschl\u00fcpfrigen L\u00fcsternheit der beiden Alten, die laut Bibel dem M\u00e4dchen auflauern\nund es belauschen, nichts zu sp\u00fcren. Keine Anekdote, kein nackter weiblicher\nK\u00f6rper bei der morgendlichen Toilette, sondern statt dessen ist ein\n\u00fcbriggebliebenes Relikt aus der alten, inzwischen l\u00e4ngst modernisierten Dusche\nGegenstand dieses \u00fcberaus lapidar gestalteten Objektes, dessen Witz und Ironie\ngerade im Gegensatz zwischen dem blumigen Titel und strenger Formensprache\nbegr\u00fcndet liegt, wobei mir &#8222;Hommage an Alfred Hitchkock&#8220; auch\ngefallen h\u00e4tte.<\/p>\n\n\n\n<p>Dr.\nMarianne Heinz<\/p>\n\n\n\n<p>Staatliche Museen Kassel &#8211; Neue Galerie, 2002<\/p>\n","protected":false},"excerpt":{"rendered":"<p>Hildegard Jaekels phantastisches Kabinett Man mag sie spielerisch nennen, oder von Zufall gepr\u00e4gt &#8211; die vielgestaltigen Objekte von Hildegard Jaekel besitzen weder alle einen gemeinsamen Ursprung, noch einen gemeinsamen Grundgedanken, sondern jedes einzelne Objekt erz\u00e4hlt seine ureigenste Geschichte. Und zusammengenommen bilden sie ein vielstimmiges Orchesterst\u00fcck, in dem sich jedes Instrument zu behaupten wei\u00df, wobei manchmal &hellip; <\/p>\n<p class=\"link-more\"><a href=\"http:\/\/hildegard-jaekel.de\/?page_id=685\" class=\"more-link\"><span class=\"screen-reader-text\">\u201eDr. Marianne Heinz: Hildegard Jaekels phantastisches Kabinett\u201c <\/span>weiterlesen<\/a><\/p>\n","protected":false},"author":2,"featured_media":0,"parent":0,"menu_order":0,"comment_status":"closed","ping_status":"closed","template":"","meta":{"footnotes":""},"class_list":["post-685","page","type-page","status-publish","hentry"],"_links":{"self":[{"href":"http:\/\/hildegard-jaekel.de\/index.php?rest_route=\/wp\/v2\/pages\/685","targetHints":{"allow":["GET"]}}],"collection":[{"href":"http:\/\/hildegard-jaekel.de\/index.php?rest_route=\/wp\/v2\/pages"}],"about":[{"href":"http:\/\/hildegard-jaekel.de\/index.php?rest_route=\/wp\/v2\/types\/page"}],"author":[{"embeddable":true,"href":"http:\/\/hildegard-jaekel.de\/index.php?rest_route=\/wp\/v2\/users\/2"}],"replies":[{"embeddable":true,"href":"http:\/\/hildegard-jaekel.de\/index.php?rest_route=%2Fwp%2Fv2%2Fcomments&post=685"}],"version-history":[{"count":1,"href":"http:\/\/hildegard-jaekel.de\/index.php?rest_route=\/wp\/v2\/pages\/685\/revisions"}],"predecessor-version":[{"id":686,"href":"http:\/\/hildegard-jaekel.de\/index.php?rest_route=\/wp\/v2\/pages\/685\/revisions\/686"}],"wp:attachment":[{"href":"http:\/\/hildegard-jaekel.de\/index.php?rest_route=%2Fwp%2Fv2%2Fmedia&parent=685"}],"curies":[{"name":"wp","href":"https:\/\/api.w.org\/{rel}","templated":true}]}}