{"id":350,"date":"2019-11-07T21:52:53","date_gmt":"2019-11-07T21:52:53","guid":{"rendered":"http:\/\/hildegard-jaekel.de\/?page_id=350"},"modified":"2020-02-09T15:50:50","modified_gmt":"2020-02-09T15:50:50","slug":"kunst-im-oeffentlichen-raum","status":"publish","type":"page","link":"http:\/\/hildegard-jaekel.de\/?page_id=350","title":{"rendered":"Kunst im \u00f6ffentlichen Raum"},"content":{"rendered":"\n<h2 class=\"wp-block-heading\">&#8222;Der Stuhl des Chefredakteur Karl Marx&#8220;<\/h2>\n\n\n\n<figure class=\"wp-block-gallery columns-1 is-cropped wp-block-gallery-1 is-layout-flex wp-block-gallery-is-layout-flex\"><ul class=\"blocks-gallery-grid\"><li class=\"blocks-gallery-item\"><figure><a href=\"http:\/\/hildegard-jaekel.de\/wp-content\/uploads\/2019\/12\/St\u00fchlchen-neu.jpg\"><img loading=\"lazy\" decoding=\"async\" width=\"781\" height=\"1024\" src=\"http:\/\/hildegard-jaekel.de\/wp-content\/uploads\/2019\/12\/St\u00fchlchen-neu-781x1024.jpg\" alt=\"\" data-id=\"593\" data-full-url=\"http:\/\/hildegard-jaekel.de\/wp-content\/uploads\/2019\/12\/St\u00fchlchen-neu.jpg\" data-link=\"http:\/\/hildegard-jaekel.de\/?attachment_id=593\" class=\"wp-image-593\" srcset=\"http:\/\/hildegard-jaekel.de\/wp-content\/uploads\/2019\/12\/St\u00fchlchen-neu-781x1024.jpg 781w, http:\/\/hildegard-jaekel.de\/wp-content\/uploads\/2019\/12\/St\u00fchlchen-neu-229x300.jpg 229w, http:\/\/hildegard-jaekel.de\/wp-content\/uploads\/2019\/12\/St\u00fchlchen-neu-768x1008.jpg 768w, http:\/\/hildegard-jaekel.de\/wp-content\/uploads\/2019\/12\/St\u00fchlchen-neu-1171x1536.jpg 1171w, http:\/\/hildegard-jaekel.de\/wp-content\/uploads\/2019\/12\/St\u00fchlchen-neu-1561x2048.jpg 1561w, http:\/\/hildegard-jaekel.de\/wp-content\/uploads\/2019\/12\/St\u00fchlchen-neu.jpg 1920w\" sizes=\"auto, (max-width: 706px) 89vw, (max-width: 767px) 82vw, 740px\" \/><\/a><\/figure><\/li><\/ul><\/figure>\n\n\n\n<h2 class=\"wp-block-heading\">&#8222;Jemandem begegnen, dem man nie begegnet ist.\u201c<\/h2>\n\n\n\n<p>1989, Karl-Marx-Platz, Kassel<br>Beton, Messing<\/p>\n\n\n\n<p>\u2026 1989, in diesem Schwellenjahr der j\u00fcngsten deutschen Geschichte installiert HildegardJaekel auf dem Karl-Marx-Platz in Kassel eine drei Meter hohe dreieckige Betonstele mit einem in Metall gegossenem goldgl\u00e4nzendem biedermeierlichen Kinderstuhl darauf:<br> \u201eDer Stuhl des Chefredakteur Karl Marx\u201c ist der Titel dieses Werkes. Die Stele nimmt in ihrer Gestalt R\u00fccksicht auf den Zuschnitt dieses kleindimensionierten dreieckigen Platzes, der wie angeschnitten von den belebten Achsen der umgebenden Strassen wirkt.<br> Wie sollte man, im Jahre Null, anders an Karl Marx erinnern als mit einem Kinderstuhl auf einer Verkehrsinsel, gl\u00e4nzend zwar und hochgehoben, aber klein und abgeschnitten durch die linearen Bewegungen einer motorisierten Herde, in der die Deutschen ihr Auto bewegen, Kuscheltier und Aggressionswerkzeug in einem \u2026<\/p>\n\n\n\n<p><em>Prof. Dr. Ulrich Teske, 1994<\/em><\/p>\n\n\n\n<figure class=\"wp-block-gallery columns-2 is-cropped wp-block-gallery-2 is-layout-flex wp-block-gallery-is-layout-flex\"><ul class=\"blocks-gallery-grid\"><li class=\"blocks-gallery-item\"><figure><a href=\"http:\/\/hildegard-jaekel.de\/wp-content\/uploads\/2019\/11\/s.-henschel-einweihung-050.jpg\"><img decoding=\"async\" src=\"http:\/\/hildegard-jaekel.de\/wp-content\/uploads\/2019\/11\/s.-henschel-einweihung-050.jpg\" alt=\"\" data-id=\"298\" data-link=\"http:\/\/hildegard-jaekel.de\/?attachment_id=298\" class=\"wp-image-298\"\/><\/a><figcaption class=\"blocks-gallery-item__caption\">Unicode<\/figcaption><\/figure><\/li><li class=\"blocks-gallery-item\"><figure><a href=\"http:\/\/hildegard-jaekel.de\/wp-content\/uploads\/2019\/12\/Installation-S.-Henschel-neu.jpg\"><img loading=\"lazy\" decoding=\"async\" width=\"640\" height=\"487\" src=\"http:\/\/hildegard-jaekel.de\/wp-content\/uploads\/2019\/12\/Installation-S.-Henschel-neu.jpg\" alt=\"\" data-id=\"596\" data-full-url=\"http:\/\/hildegard-jaekel.de\/wp-content\/uploads\/2019\/12\/Installation-S.-Henschel-neu.jpg\" data-link=\"http:\/\/hildegard-jaekel.de\/?attachment_id=596\" class=\"wp-image-596\" srcset=\"http:\/\/hildegard-jaekel.de\/wp-content\/uploads\/2019\/12\/Installation-S.-Henschel-neu.jpg 640w, http:\/\/hildegard-jaekel.de\/wp-content\/uploads\/2019\/12\/Installation-S.-Henschel-neu-300x228.jpg 300w\" sizes=\"auto, (max-width: 640px) 100vw, 640px\" \/><\/a><\/figure><\/li><\/ul><\/figure>\n\n\n\n<p>2007, Kassel<\/p>\n\n\n\n<p>Sophie Henschel 1841 \u2013 1915. Eisenbahnmagnatin \u2013 Wohlt\u00e4terin<br><br>Nach Betrachtung ihres Lebens und ihrer Fotos entscheide ich mich, dem Gef\u00fchl der St\u00e4rke, der Schlichtheit, Distanz und W\u00fcrde nachzugehen, den sie auf mich aus\u00fcbt. Um diese abstrakten Gef\u00fchle konkret darzustellen, benutze ich ein Vehikel. Ich w\u00e4hle daf\u00fcr das Stehpult, ein viel benutztes B\u00fcrom\u00f6bel ihrer Zeit. Ein Platz zum Arbeiten, Nachdenken, Lehren. Aufrecht, gerade, schlicht, thronartig, andeutend historistisch, verfremdet. Als Material verwende ich Stahl, schwarz gestrichen. Ihr Name wird auf die Frontplatte des Objekts eingraviert. Rot \u2013 in ihrer eigenen Handschrift. Die Farben der Lokomotiven \u2013 rot und schwarz. Das Objekt, technisch perfekt, dauerhaft und fest, als Schattenriss ihrer selbst, ihrer Zeit, ihres Werkes.<\/p>\n\n\n\n<h2 class=\"wp-block-heading\">&#8222;Eine Treppe ins Nirgendwo&#8220;<\/h2>\n\n\n\n<p>Nylonsegel versperren spinnwebartig die Treppe nach oben. Eine Lichtleiste l\u00e4sst die transparenten Gespinste leuchten. Wassertropfen fangen sich im Netz und leuchten.<\/p>\n\n\n\n<figure class=\"wp-block-gallery columns-1 is-cropped wp-block-gallery-3 is-layout-flex wp-block-gallery-is-layout-flex\"><ul class=\"blocks-gallery-grid\"><li class=\"blocks-gallery-item\"><figure><a href=\"http:\/\/hildegard-jaekel.de\/wp-content\/uploads\/2020\/01\/Lichtgespinst-und-Wassertropfen-3.-H\u00f6hler-Biennale-Gera-2007.jpg\"><img loading=\"lazy\" decoding=\"async\" width=\"722\" height=\"700\" src=\"http:\/\/hildegard-jaekel.de\/wp-content\/uploads\/2020\/01\/Lichtgespinst-und-Wassertropfen-3.-H\u00f6hler-Biennale-Gera-2007.jpg\" alt=\"\" data-id=\"806\" class=\"wp-image-806\" srcset=\"http:\/\/hildegard-jaekel.de\/wp-content\/uploads\/2020\/01\/Lichtgespinst-und-Wassertropfen-3.-H\u00f6hler-Biennale-Gera-2007.jpg 722w, http:\/\/hildegard-jaekel.de\/wp-content\/uploads\/2020\/01\/Lichtgespinst-und-Wassertropfen-3.-H\u00f6hler-Biennale-Gera-2007-300x291.jpg 300w\" sizes=\"auto, (max-width: 722px) 100vw, 722px\" \/><\/a><\/figure><\/li><\/ul><\/figure>\n\n\n\n<p>2007, 3. H\u00f6hler Biennale, Gera<br>H\u00f6he der Segel: 180 cm, Breite der Segel: 80 cm, Nylongarn, Neonleuchten<\/p>\n\n\n\n<figure class=\"wp-block-gallery columns-1 is-cropped wp-block-gallery-4 is-layout-flex wp-block-gallery-is-layout-flex\"><ul class=\"blocks-gallery-grid\"><li class=\"blocks-gallery-item\"><figure><a href=\"http:\/\/hildegard-jaekel.de\/wp-content\/uploads\/2020\/01\/Jaekel_19-1024x681.jpg\"><img loading=\"lazy\" decoding=\"async\" width=\"1024\" height=\"681\" src=\"http:\/\/hildegard-jaekel.de\/wp-content\/uploads\/2020\/01\/Jaekel_19-1024x681.jpg\" alt=\"2008, 4. H\u00f6hler Biennale, Gera\n&quot;Gez\u00fccht&quot; - Installation mit Schw\u00e4mmen\" data-id=\"793\" class=\"wp-image-793\" srcset=\"http:\/\/hildegard-jaekel.de\/wp-content\/uploads\/2020\/01\/Jaekel_19-1024x681.jpg 1024w, http:\/\/hildegard-jaekel.de\/wp-content\/uploads\/2020\/01\/Jaekel_19-300x200.jpg 300w, http:\/\/hildegard-jaekel.de\/wp-content\/uploads\/2020\/01\/Jaekel_19-768x511.jpg 768w, http:\/\/hildegard-jaekel.de\/wp-content\/uploads\/2020\/01\/Jaekel_19-1536x1022.jpg 1536w, http:\/\/hildegard-jaekel.de\/wp-content\/uploads\/2020\/01\/Jaekel_19-2048x1363.jpg 2048w\" sizes=\"auto, (max-width: 706px) 89vw, (max-width: 767px) 82vw, 740px\" \/><\/a><figcaption class=\"blocks-gallery-item__caption\"><br><\/figcaption><\/figure><\/li><\/ul><figcaption class=\"blocks-gallery-caption\"><em>2008, 4. H\u00f6hler Biennale, Gera<\/em><br>&#8222;Gez\u00fccht&#8220; &#8211; Installation mit Schw\u00e4mmen<\/figcaption><\/figure>\n\n\n\n<h2 class=\"wp-block-heading\">&#8222;Tangram&#8220;<\/h2>\n\n\n\n<div class=\"wp-block-group is-layout-flow wp-block-group-is-layout-flow\"><div class=\"wp-block-group__inner-container\"><\/div><\/div>\n\n\n\n<figure class=\"wp-block-gallery columns-3 is-cropped wp-block-gallery-5 is-layout-flex wp-block-gallery-is-layout-flex\"><ul class=\"blocks-gallery-grid\"><li class=\"blocks-gallery-item\"><figure><a href=\"http:\/\/hildegard-jaekel.de\/wp-content\/uploads\/2019\/11\/tangram-3-06.gif\"><img loading=\"lazy\" decoding=\"async\" width=\"273\" height=\"190\" src=\"http:\/\/hildegard-jaekel.de\/wp-content\/uploads\/2019\/11\/tangram-3-06.gif\" alt=\"\" data-id=\"362\" data-link=\"http:\/\/hildegard-jaekel.de\/?attachment_id=362\" class=\"wp-image-362\"\/><\/a><\/figure><\/li><li class=\"blocks-gallery-item\"><figure><a href=\"http:\/\/hildegard-jaekel.de\/wp-content\/uploads\/2019\/11\/tangram-9-05.gif\"><img decoding=\"async\" src=\"http:\/\/hildegard-jaekel.de\/wp-content\/uploads\/2019\/11\/tangram-9-05.gif\" alt=\"\" data-id=\"366\" data-link=\"http:\/\/hildegard-jaekel.de\/?attachment_id=366\" class=\"wp-image-366\"\/><\/a><\/figure><\/li><li class=\"blocks-gallery-item\"><figure><a href=\"http:\/\/hildegard-jaekel.de\/wp-content\/uploads\/2019\/11\/tangram-6-06.gif\"><img loading=\"lazy\" decoding=\"async\" width=\"305\" height=\"190\" src=\"http:\/\/hildegard-jaekel.de\/wp-content\/uploads\/2019\/11\/tangram-6-06.gif\" alt=\"\" data-id=\"364\" data-link=\"http:\/\/hildegard-jaekel.de\/?attachment_id=364\" class=\"wp-image-364\"\/><\/a><\/figure><\/li><li class=\"blocks-gallery-item\"><figure><a href=\"http:\/\/hildegard-jaekel.de\/wp-content\/uploads\/2019\/11\/tangram-6-07.gif\"><img loading=\"lazy\" decoding=\"async\" width=\"271\" height=\"190\" src=\"http:\/\/hildegard-jaekel.de\/wp-content\/uploads\/2019\/11\/tangram-6-07.gif\" alt=\"\" data-id=\"365\" data-link=\"http:\/\/hildegard-jaekel.de\/?attachment_id=365\" class=\"wp-image-365\"\/><\/a><\/figure><\/li><li class=\"blocks-gallery-item\"><figure><a href=\"http:\/\/hildegard-jaekel.de\/wp-content\/uploads\/2019\/11\/tangram-5-07.gif\"><img loading=\"lazy\" decoding=\"async\" width=\"270\" height=\"190\" src=\"http:\/\/hildegard-jaekel.de\/wp-content\/uploads\/2019\/11\/tangram-5-07.gif\" alt=\"\" data-id=\"363\" data-link=\"http:\/\/hildegard-jaekel.de\/?attachment_id=363\" class=\"wp-image-363\"\/><\/a><\/figure><\/li><li class=\"blocks-gallery-item\"><figure><a href=\"http:\/\/hildegard-jaekel.de\/wp-content\/uploads\/2019\/11\/tangram-1-06.gif\"><img loading=\"lazy\" decoding=\"async\" width=\"272\" height=\"190\" src=\"http:\/\/hildegard-jaekel.de\/wp-content\/uploads\/2019\/11\/tangram-1-06.gif\" alt=\"\" data-id=\"361\" data-link=\"http:\/\/hildegard-jaekel.de\/?attachment_id=361\" class=\"wp-image-361\"\/><\/a><\/figure><\/li><\/ul><\/figure>\n\n\n\n<p>2005 &#8211; 2007, Botanischer Garten Kassel<br>300 x 300 cm<\/p>\n\n\n\n<p>Ein altes chinesisches Legespiel. Ein Spiel, in dem es nicht um Konkurrenz oder Gewinnen geht, sondern um die Entfaltung von Phantasie: 7 Teile werden immer wieder zu neuen Formen zusammengelegt \u2013 Wiederholungen, die Variationen sind. Aus all den M\u00f6glichkeiten die dieses Spiel bietet, wurde von mir das Quadrat gew\u00e4hlt. Festgelegt und angehalten \u2013 das Spiel ist zu Ende. Das Quadrat ist gl\u00e4nzend rot, Gras w\u00e4chst durch eine, in das Quadrat integrierte rechteckige Fl\u00e4che. Die Jahreszeiten ver\u00e4ndern das Objekt. Die Wiese \u00fcber- wuchert es, bis es endlich verf\u00e4llt. Das Spiel ist aus.<br>Unterhalb des \u201eangehaltenen\u201c Spiels eine Kiste mit 7 losen Tangramteilen. Die Besucher werden aufgefordert zu verweilen, das Spiel wieder aufzunehmen, eine neue Form zu legen. Das Spiel geht weiter.<\/p>\n\n\n\n<figure class=\"wp-block-gallery columns-1 is-cropped wp-block-gallery-6 is-layout-flex wp-block-gallery-is-layout-flex\"><ul class=\"blocks-gallery-grid\"><li class=\"blocks-gallery-item\"><figure><a href=\"http:\/\/hildegard-jaekel.de\/wp-content\/uploads\/2019\/12\/Froschk\u00f6nig-neu-1024x724.jpg\"><img loading=\"lazy\" decoding=\"async\" width=\"1024\" height=\"724\" src=\"http:\/\/hildegard-jaekel.de\/wp-content\/uploads\/2019\/12\/Froschk\u00f6nig-neu-1024x724.jpg\" alt=\"\" data-id=\"739\" class=\"wp-image-739\" srcset=\"http:\/\/hildegard-jaekel.de\/wp-content\/uploads\/2019\/12\/Froschk\u00f6nig-neu-1024x724.jpg 1024w, http:\/\/hildegard-jaekel.de\/wp-content\/uploads\/2019\/12\/Froschk\u00f6nig-neu-300x212.jpg 300w, http:\/\/hildegard-jaekel.de\/wp-content\/uploads\/2019\/12\/Froschk\u00f6nig-neu-768x543.jpg 768w, http:\/\/hildegard-jaekel.de\/wp-content\/uploads\/2019\/12\/Froschk\u00f6nig-neu-1536x1086.jpg 1536w, http:\/\/hildegard-jaekel.de\/wp-content\/uploads\/2019\/12\/Froschk\u00f6nig-neu-2048x1448.jpg 2048w\" sizes=\"auto, (max-width: 706px) 89vw, (max-width: 767px) 82vw, 740px\" \/><\/a><\/figure><\/li><\/ul><figcaption class=\"blocks-gallery-caption\">&#8222;Froschk\u00f6nig&#8220;, 1987 &#8211; vor dem Schloss Bellevue, (ehemaliges) Br\u00fcder-Grimm-Museum Kassel<\/figcaption><\/figure>\n\n\n\n<figure class=\"wp-block-gallery columns-2 is-cropped wp-block-gallery-7 is-layout-flex wp-block-gallery-is-layout-flex\"><ul class=\"blocks-gallery-grid\"><li class=\"blocks-gallery-item\"><figure><a href=\"http:\/\/hildegard-jaekel.de\/wp-content\/uploads\/2019\/11\/p1030290_1.jpg\"><img loading=\"lazy\" decoding=\"async\" width=\"448\" height=\"336\" src=\"http:\/\/hildegard-jaekel.de\/wp-content\/uploads\/2019\/11\/p1030290_1.jpg\" alt=\"\" data-id=\"160\" data-full-url=\"http:\/\/hildegard-jaekel.de\/wp-content\/uploads\/2019\/11\/p1030290_1.jpg\" data-link=\"http:\/\/hildegard-jaekel.de\/?attachment_id=160\" class=\"wp-image-160\" srcset=\"http:\/\/hildegard-jaekel.de\/wp-content\/uploads\/2019\/11\/p1030290_1.jpg 448w, http:\/\/hildegard-jaekel.de\/wp-content\/uploads\/2019\/11\/p1030290_1-300x225.jpg 300w\" sizes=\"auto, (max-width: 448px) 100vw, 448px\" \/><\/a><\/figure><\/li><li class=\"blocks-gallery-item\"><figure><a href=\"http:\/\/hildegard-jaekel.de\/wp-content\/uploads\/2019\/11\/uf_jaekel_pavgera_02.jpg\"><img loading=\"lazy\" decoding=\"async\" width=\"309\" height=\"448\" src=\"http:\/\/hildegard-jaekel.de\/wp-content\/uploads\/2019\/11\/uf_jaekel_pavgera_02.jpg\" alt=\"\" data-id=\"157\" data-full-url=\"http:\/\/hildegard-jaekel.de\/wp-content\/uploads\/2019\/11\/uf_jaekel_pavgera_02.jpg\" data-link=\"http:\/\/hildegard-jaekel.de\/?attachment_id=157\" class=\"wp-image-157\" srcset=\"http:\/\/hildegard-jaekel.de\/wp-content\/uploads\/2019\/11\/uf_jaekel_pavgera_02.jpg 309w, http:\/\/hildegard-jaekel.de\/wp-content\/uploads\/2019\/11\/uf_jaekel_pavgera_02-207x300.jpg 207w\" sizes=\"auto, (max-width: 309px) 100vw, 309px\" \/><\/a><\/figure><\/li><\/ul><figcaption class=\"blocks-gallery-caption\">&#8222;Verfluchter Hunger nach Gold, wozu zwingst du des Menschen nimmersattes Gem\u00fcht&#8220;, Vergil<br>Hofwiesenpark Gera, 2012<\/figcaption><\/figure>\n\n\n\n<figure class=\"wp-block-image size-large\"><img loading=\"lazy\" decoding=\"async\" width=\"732\" height=\"1024\" src=\"http:\/\/hildegard-jaekel.de\/wp-content\/uploads\/2019\/12\/die_farbe_gelb-732x1024.jpg\" alt=\"\" class=\"wp-image-711\" srcset=\"http:\/\/hildegard-jaekel.de\/wp-content\/uploads\/2019\/12\/die_farbe_gelb-732x1024.jpg 732w, http:\/\/hildegard-jaekel.de\/wp-content\/uploads\/2019\/12\/die_farbe_gelb-214x300.jpg 214w, http:\/\/hildegard-jaekel.de\/wp-content\/uploads\/2019\/12\/die_farbe_gelb-768x1075.jpg 768w, http:\/\/hildegard-jaekel.de\/wp-content\/uploads\/2019\/12\/die_farbe_gelb-1098x1536.jpg 1098w, http:\/\/hildegard-jaekel.de\/wp-content\/uploads\/2019\/12\/die_farbe_gelb.jpg 1362w\" sizes=\"auto, (max-width: 732px) 100vw, 732px\" \/><figcaption>&#8222;Kunst pur + vor Ort&#8220;,- Die Farbe Gelb, 1987<br>Rahmenprogramm der documenta 8<\/figcaption><\/figure>\n\n\n\n<div class=\"wp-block-group\"><div class=\"wp-block-group__inner-container is-layout-flow wp-block-group-is-layout-flow\">\n<p><\/p>\n\n\n\n<p><\/p>\n\n\n\n<p><\/p>\n\n\n\n<div class=\"wp-block-group\"><div class=\"wp-block-group__inner-container is-layout-flow wp-block-group-is-layout-flow\">\n<div class=\"wp-block-group is-layout-flow wp-block-group-is-layout-flow\"><div class=\"wp-block-group__inner-container\"><\/div><\/div>\n<\/div><\/div>\n\n\n\n<p><\/p>\n<\/div><\/div>\n","protected":false},"excerpt":{"rendered":"<p>&#8222;Der Stuhl des Chefredakteur Karl Marx&#8220; &#8222;Jemandem begegnen, dem man nie begegnet ist.\u201c 1989, Karl-Marx-Platz, KasselBeton, Messing \u2026 1989, in diesem Schwellenjahr der j\u00fcngsten deutschen Geschichte installiert HildegardJaekel auf dem Karl-Marx-Platz in Kassel eine drei Meter hohe dreieckige Betonstele mit einem in Metall gegossenem goldgl\u00e4nzendem biedermeierlichen Kinderstuhl darauf: \u201eDer Stuhl des Chefredakteur Karl Marx\u201c ist &hellip; <\/p>\n<p class=\"link-more\"><a href=\"http:\/\/hildegard-jaekel.de\/?page_id=350\" class=\"more-link\"><span class=\"screen-reader-text\">\u201eKunst im \u00f6ffentlichen Raum\u201c <\/span>weiterlesen<\/a><\/p>\n","protected":false},"author":1,"featured_media":0,"parent":0,"menu_order":0,"comment_status":"closed","ping_status":"closed","template":"","meta":{"footnotes":""},"class_list":["post-350","page","type-page","status-publish","hentry"],"_links":{"self":[{"href":"http:\/\/hildegard-jaekel.de\/index.php?rest_route=\/wp\/v2\/pages\/350","targetHints":{"allow":["GET"]}}],"collection":[{"href":"http:\/\/hildegard-jaekel.de\/index.php?rest_route=\/wp\/v2\/pages"}],"about":[{"href":"http:\/\/hildegard-jaekel.de\/index.php?rest_route=\/wp\/v2\/types\/page"}],"author":[{"embeddable":true,"href":"http:\/\/hildegard-jaekel.de\/index.php?rest_route=\/wp\/v2\/users\/1"}],"replies":[{"embeddable":true,"href":"http:\/\/hildegard-jaekel.de\/index.php?rest_route=%2Fwp%2Fv2%2Fcomments&post=350"}],"version-history":[{"count":45,"href":"http:\/\/hildegard-jaekel.de\/index.php?rest_route=\/wp\/v2\/pages\/350\/revisions"}],"predecessor-version":[{"id":890,"href":"http:\/\/hildegard-jaekel.de\/index.php?rest_route=\/wp\/v2\/pages\/350\/revisions\/890"}],"wp:attachment":[{"href":"http:\/\/hildegard-jaekel.de\/index.php?rest_route=%2Fwp%2Fv2%2Fmedia&parent=350"}],"curies":[{"name":"wp","href":"https:\/\/api.w.org\/{rel}","templated":true}]}}